{"id":1277,"date":"2024-07-08T04:37:45","date_gmt":"2024-07-08T04:37:45","guid":{"rendered":"https:\/\/wordpress.themeholy.com\/tourm\/?page_id=1277"},"modified":"2025-04-04T14:56:13","modified_gmt":"2025-04-04T14:56:13","slug":"about-us","status":"publish","type":"page","link":"https:\/\/altaviatravel.com\/en\/about-us\/","title":{"rendered":"About us"},"content":{"rendered":"<div data-elementor-type=\"wp-page\" data-elementor-id=\"1277\" class=\"elementor elementor-1277\">\n\t\t\t\t<div class=\"elementor-element elementor-element-ae0c789 e-con-full e-flex e-con e-parent\" data-id=\"ae0c789\" data-element_type=\"container\">\n\t\t<div class=\"elementor-element elementor-element-835b840 e-flex e-con-boxed e-con e-child\" data-id=\"835b840\" data-element_type=\"container\">\n\t\t\t\t\t<div class=\"e-con-inner\">\n\t\t<div class=\"elementor-element elementor-element-50c694f e-con-full e-flex e-con e-child\" data-id=\"50c694f\" data-element_type=\"container\">\n\t\t\r\n\t\t<div class=\"elementor-element elementor-element-5887cb1 elementor-widget elementor-widget-tourmimage\" data-id=\"5887cb1\" data-element_type=\"widget\" data-widget_type=\"tourmimage.default\">\n\t\t\t\t<div class=\"elementor-widget-container\">\n\t\t\t\t\t<div class=\"img-box2\"><div class=\"img1\"><img decoding=\"async\" src=\"https:\/\/altaviatravel.com\/wp-content\/uploads\/2025\/02\/464823667_10160536470888775_1091766138820621340_n.jpg\" alt=\"464823667_10160536470888775_1091766138820621340_n\"  \/><\/div><\/div>\t\t\t\t<\/div>\n\t\t\t\t<\/div>\n\t\t\t\t<\/div>\n\t\t<div class=\"elementor-element elementor-element-4f3f988 e-con-full e-flex e-con e-child\" data-id=\"4f3f988\" data-element_type=\"container\">\n\t\t\t\t<div class=\"elementor-element elementor-element-e76ccfe elementor-widget__width-initial elementor-widget-mobile__width-inherit elementor-widget elementor-widget-tourmsectiontitle\" data-id=\"e76ccfe\" data-element_type=\"widget\" data-widget_type=\"tourmsectiontitle.default\">\n\t\t\t\t<div class=\"elementor-widget-container\">\n\t\t\t\t\t\t\t<div class=\"title-area text-left\">\r\n\t\t\t<span class=\"sub-title\">AltaVia Travel<\/span><h2 class=\"sec-title\">About us \n\n<\/h2>\t\t<\/div>\r\n\r\n\t\t\t\t\t<\/div>\n\t\t\t\t<\/div>\n\t\t\t\t<div class=\"elementor-element elementor-element-79f811a elementor-widget__width-initial elementor-widget-mobile__width-inherit elementor-widget elementor-widget-text-editor\" data-id=\"79f811a\" data-element_type=\"widget\" data-widget_type=\"text-editor.default\">\n\t\t\t\t<div class=\"elementor-widget-container\">\n\t\t\t\t\t\t\t\t\t<div>\u00a0Altavia Travel sh.p.k. \u00ebsht\u00eb nj\u00eb agjenci udh\u00ebtimi e themeluar n\u00eb vitin 2001 me seli n\u00eb Prishtin\u00eb, Kosov\u00eb<\/div>\t\t\t\t\t\t\t\t<\/div>\n\t\t\t\t<\/div>\n\t\t\t\t<div class=\"elementor-element elementor-element-5a4647b elementor-widget elementor-widget-text-editor\" data-id=\"5a4647b\" data-element_type=\"widget\" data-widget_type=\"text-editor.default\">\n\t\t\t\t<div class=\"elementor-widget-container\">\n\t\t\t\t\t\t\t\t\t<p data-start=\"35\" data-end=\"461\"><br \/><br \/>With extensive experience and a dedicated team, we offer comprehensive services for all types of travel, including airfare, travel packages, hotel reservations, travel insurance, and exclusive services for vacations and business trips.<\/p><p data-start=\"463\" data-end=\"720\" data-is-last-node=\"\" data-is-only-node=\"\">We work with international partners to provide personalized offers and unforgettable experiences for our clients. Quality, professionalism, and dedication to travelers are our core values. <strong data-start=\"672\" data-end=\"720\" data-is-last-node=\"\">AltaVia Travel \u2013 Your journey starts with us!<\/strong><\/p>\t\t\t\t\t\t\t\t<\/div>\n\t\t\t\t<\/div>\n\t\t\t\t<\/div>\n\t\t\t\t<div class=\"elementor-element elementor-element-c403c63 elementor-widget elementor-widget-tourmshapeimage\" data-id=\"c403c63\" data-element_type=\"widget\" data-widget_type=\"tourmshapeimage.default\">\n\t\t\t\t<div class=\"elementor-widget-container\">\n\t\t\t\t\t<!-- Image --><div class=\"shape-mockup  movingX d-xl-block d-none\" data-top=\"4%\" data-left=\"2%\"><img decoding=\"async\" src=\"https:\/\/wordpress.themeholy.com\/tourm\/wp-content\/uploads\/2024\/06\/shape_2_1.png\" alt=\"Shape Image\" ><\/div><!-- End Image -->\t\t\t\t<\/div>\n\t\t\t\t<\/div>\n\t\t\t\t<div class=\"elementor-element elementor-element-294964a elementor-widget elementor-widget-tourmshapeimage\" data-id=\"294964a\" data-element_type=\"widget\" data-widget_type=\"tourmshapeimage.default\">\n\t\t\t\t<div class=\"elementor-widget-container\">\n\t\t\t\t\t<!-- Image --><div class=\"shape-mockup  jump d-xl-block d-none\" data-top=\"28%\" data-right=\"5%\"><img decoding=\"async\" src=\"https:\/\/wordpress.themeholy.com\/tourm\/wp-content\/uploads\/2024\/06\/shape_2_2.png\" alt=\"Shape Image\" ><\/div><!-- End Image -->\t\t\t\t<\/div>\n\t\t\t\t<\/div>\n\t\t\t\t<div class=\"elementor-element elementor-element-a84d528 elementor-widget elementor-widget-tourmshapeimage\" data-id=\"a84d528\" data-element_type=\"widget\" data-widget_type=\"tourmshapeimage.default\">\n\t\t\t\t<div class=\"elementor-widget-container\">\n\t\t\t\t\t<!-- Image --><div class=\"shape-mockup  spin d-xl-block d-none\" data-bottom=\"18%\" data-left=\"2%\"><img decoding=\"async\" src=\"https:\/\/wordpress.themeholy.com\/tourm\/wp-content\/uploads\/2024\/06\/shape_2_3.png\" alt=\"Shape Image\" ><\/div><!-- End Image -->\t\t\t\t<\/div>\n\t\t\t\t<\/div>\n\t\t\t\t<div class=\"elementor-element elementor-element-533c75a elementor-widget elementor-widget-tourmshapeimage\" data-id=\"533c75a\" data-element_type=\"widget\" data-widget_type=\"tourmshapeimage.default\">\n\t\t\t\t<div class=\"elementor-widget-container\">\n\t\t\t\t\t<!-- Image --><div class=\"shape-mockup movixgX  d-xl-block d-none\" data-bottom=\"18%\" data-right=\"2%\"><img decoding=\"async\" src=\"https:\/\/wordpress.themeholy.com\/tourm\/wp-content\/uploads\/2024\/06\/shape_2_4.png\" alt=\"Shape Image\" ><\/div><!-- End Image -->\t\t\t\t<\/div>\n\t\t\t\t<\/div>\n\t\t\t\t\t<\/div>\n\t\t\t\t<\/div>\n\t\t\t\t<\/div>\n\t\t\t\t<\/div>","protected":false},"excerpt":{"rendered":"<p>AltaVia Travel Rreth Nesh \u00a0Altavia Travel sh.p.k. \u00ebsht\u00eb nj\u00eb agjenci udh\u00ebtimi e themeluar n\u00eb vitin 2001 me seli n\u00eb Prishtin\u00eb, Kosov\u00eb Me nj\u00eb p\u00ebrvoj\u00eb t\u00eb gjat\u00eb dhe nj\u00eb ekip t\u00eb p\u00ebrkushtuar, ne ofrojm\u00eb sh\u00ebrbime t\u00eb plota p\u00ebr t\u00eb gjitha llojet e udh\u00ebtimeve, duke p\u00ebrfshir\u00eb bileta ajrore, paketa turistike, rezervime hoteli, sigurime udh\u00ebtimi dhe sh\u00ebrbime ekskluzive&#8230;<\/p>","protected":false},"author":1,"featured_media":0,"parent":0,"menu_order":0,"comment_status":"closed","ping_status":"closed","template":"template-builder.php","meta":{"_monsterinsights_skip_tracking":false,"_monsterinsights_sitenote_active":false,"_monsterinsights_sitenote_note":"","_monsterinsights_sitenote_category":0,"footnotes":""},"class_list":["post-1277","page","type-page","status-publish","hentry"],"aioseo_notices":[],"_links":{"self":[{"href":"https:\/\/altaviatravel.com\/en\/wp-json\/wp\/v2\/pages\/1277","targetHints":{"allow":["GET"]}}],"collection":[{"href":"https:\/\/altaviatravel.com\/en\/wp-json\/wp\/v2\/pages"}],"about":[{"href":"https:\/\/altaviatravel.com\/en\/wp-json\/wp\/v2\/types\/page"}],"author":[{"embeddable":true,"href":"https:\/\/altaviatravel.com\/en\/wp-json\/wp\/v2\/users\/1"}],"replies":[{"embeddable":true,"href":"https:\/\/altaviatravel.com\/en\/wp-json\/wp\/v2\/comments?post=1277"}],"version-history":[{"count":38,"href":"https:\/\/altaviatravel.com\/en\/wp-json\/wp\/v2\/pages\/1277\/revisions"}],"predecessor-version":[{"id":6337,"href":"https:\/\/altaviatravel.com\/en\/wp-json\/wp\/v2\/pages\/1277\/revisions\/6337"}],"wp:attachment":[{"href":"https:\/\/altaviatravel.com\/en\/wp-json\/wp\/v2\/media?parent=1277"}],"curies":[{"name":"wp","href":"https:\/\/api.w.org\/{rel}","templated":true}]}}