{"id":1328,"date":"2024-07-08T05:35:21","date_gmt":"2024-07-08T05:35:21","guid":{"rendered":"https:\/\/wordpress.themeholy.com\/tourm\/?page_id=1328"},"modified":"2025-04-04T15:01:50","modified_gmt":"2025-04-04T15:01:50","slug":"destinations","status":"publish","type":"page","link":"https:\/\/altaviatravel.com\/en\/destinations\/","title":{"rendered":"Destinations"},"content":{"rendered":"<div data-elementor-type=\"wp-page\" data-elementor-id=\"1328\" class=\"elementor elementor-1328\">\n\t\t\t\t<div class=\"elementor-element elementor-element-1c1955e e-flex e-con-boxed e-con e-parent\" data-id=\"1c1955e\" data-element_type=\"container\" data-settings=\"{&quot;background_background&quot;:&quot;classic&quot;}\">\n\t\t\t\t\t<div class=\"e-con-inner\">\n\t\t\r\n\t\t<div class=\"elementor-element elementor-element-a8ac453 elementor-widget elementor-widget-tourmsectiontitle\" data-id=\"a8ac453\" data-element_type=\"widget\" data-widget_type=\"tourmsectiontitle.default\">\n\t\t\t\t<div class=\"elementor-widget-container\">\n\t\t\t\t\t\t\t<div class=\"title-area text-center\">\r\n\t\t\t<span class=\"sub-title\">Tours<\/span><h2 class=\"sec-title\">Different destinations<\/h2>\t\t<\/div>\r\n\r\n\t\t\t\t\t<\/div>\n\t\t\t\t<\/div>\n\t\t\t\t<div class=\"elementor-element elementor-element-af07553 elementor-widget elementor-widget-wptravelengine-trips\" data-id=\"af07553\" data-element_type=\"widget\" data-widget_type=\"wptravelengine-trips.default\">\n\t\t\t\t<div class=\"elementor-widget-container\">\n\t\t\t\t\t<div class=\"wp-block-wptravelengine-trips wpte-gblock-wrapper elementor-addon wpte-elementor-widget\">\t<div class=\"category-grid wte-d-flex wpte-trip-list-wrapper\t\t\t\t\t\t    wte-col-3 columns-tablet-2 columns-mobile-1\">\n\t<div class=\"wpte-trip-single wpte-layout-4\">\n\t<div class=\"wpte-inner-container\">\n\t\t<div class=\"wpte-trip-image-wrap\">\n\t\t\t\t\t\t\t\t\t\t\t\t<figure class=\"thumbnail\">\n\t\t\t\t<a href=\"https:\/\/altaviatravel.com\/en\/trip\/barcelona\/\">\n\t\t\t\t\t<img fetchpriority=\"high\" decoding=\"async\" width=\"600\" height=\"667\" src=\"https:\/\/altaviatravel.com\/wp-content\/uploads\/2025\/02\/4411-1-600x667.jpg\" class=\"attachment-activities-thumb-size size-activities-thumb-size wp-post-image\" alt=\"\" \/>\t\t\t\t<\/a>\n\t\t\t<\/figure>\n\t\t\t\t\t<\/div>\n\t\t<div class=\"wpte-trip-details-wrap\">\n\t\t\t<div class=\"wpte-trip-header-wrap\">\n\t\t\t\t\t\t\t\t<div class=\"wpte-trip-title-wrap\">\n\t\t\t\t\t<h2 class=\"wpte-trip-title\">\n\t\t\t\t\t\t<a itemprop=\"url\" href=\"https:\/\/altaviatravel.com\/en\/trip\/barcelona\/\">Barcelona<\/a>\n\t\t\t\t\t<\/h2>\n\t\t\t\t<\/div>\n\t\t\t\t\t\t\t\t\t\t\t<\/div>\n\t\t\t<div class=\"wpte-trip_meta-container\">\n\t\t\t\t<div class=\"wpte-trip-meta-list wpte-dir-horizontal\">\n\t\t\t\t\t\t\t\t\t\t\t\t<span class=\"wpte-trip-meta wpte-trip-destination\">\n\t\t\t\t\t\t\t\t<span class=\"wpte-icon-map-marker\"><\/span>\n\t\t\t\t\t\t\t\t<span><a rel=\"tag\" target=\"_self\" href=\"https:\/\/altaviatravel.com\/en\/destinations\/city-break\/\">City break<\/a><\/span>\n\t\t\t\t\t\t\t<\/span>\n\t\t\t\t\t\t\t\t\t\t\t\t\t\t\t\t\t\t\t\t\t\t\t\t\t\t\n\t\t\t\t\t\t<span class=\"wpte-trip-meta wpte-trip-duration\">\n\t\t\t\t\t\t\t\t\t\t\t\t\t\t<span class=\"wpte-icon-clock\"><\/span>\n\t\t\t\t\t\t\t\t<span>\n\t\t\t\t\t\t\t\t\t\t\t\t\t\t\t\t\t\t\t\t\t\t\t\t\t\t\t<\/span>\n\t\t\t\t\t\t\t\t\t\t\t\t\t\t\t<\/span>\n\t\t\t\t\t\t\n\t\t\t\t\t\t\t\t\t<\/div>\n\t\t\t<\/div>\n\t\t\t<div class=\"wpte-trip-budget-wrap justify-content-between align-items-center\">\n\t\t\t\t\t\t\t\t\t\t\t\t<div class=\"wpte-trip-btn-wrap\">\n\t\t\t\t\t<a href=\"https:\/\/altaviatravel.com\/en\/trip\/barcelona\/\" class=\"wpte-trip-explore-btn\">View all <\/a>\n\t\t\t\t<\/div>\n\t\t\t\t\t\t\t<\/div>\n\t\t<\/div>\n\t<\/div>\n<\/div>\n<div class=\"wpte-trip-single wpte-layout-4\">\n\t<div class=\"wpte-inner-container\">\n\t\t<div class=\"wpte-trip-image-wrap\">\n\t\t\t\t\t\t\t\t\t\t\t\t<figure class=\"thumbnail\">\n\t\t\t\t<a href=\"https:\/\/altaviatravel.com\/en\/trip\/amsterdam\/\">\n\t\t\t\t\t<img decoding=\"async\" width=\"600\" height=\"667\" src=\"https:\/\/altaviatravel.com\/wp-content\/uploads\/2025\/02\/3803-600x667.jpg\" class=\"attachment-activities-thumb-size size-activities-thumb-size wp-post-image\" alt=\"\" \/>\t\t\t\t<\/a>\n\t\t\t<\/figure>\n\t\t\t\t\t<\/div>\n\t\t<div class=\"wpte-trip-details-wrap\">\n\t\t\t<div class=\"wpte-trip-header-wrap\">\n\t\t\t\t\t\t\t\t<div class=\"wpte-trip-title-wrap\">\n\t\t\t\t\t<h2 class=\"wpte-trip-title\">\n\t\t\t\t\t\t<a itemprop=\"url\" href=\"https:\/\/altaviatravel.com\/en\/trip\/amsterdam\/\">Amsterdam<\/a>\n\t\t\t\t\t<\/h2>\n\t\t\t\t<\/div>\n\t\t\t\t\t\t\t\t\t\t\t<\/div>\n\t\t\t<div class=\"wpte-trip_meta-container\">\n\t\t\t\t<div class=\"wpte-trip-meta-list wpte-dir-horizontal\">\n\t\t\t\t\t\t\t\t\t\t\t\t<span class=\"wpte-trip-meta wpte-trip-destination\">\n\t\t\t\t\t\t\t\t<span class=\"wpte-icon-map-marker\"><\/span>\n\t\t\t\t\t\t\t\t<span><a rel=\"tag\" target=\"_self\" href=\"https:\/\/altaviatravel.com\/en\/destinations\/city-break\/\">City break<\/a><\/span>\n\t\t\t\t\t\t\t<\/span>\n\t\t\t\t\t\t\t\t\t\t\t\t\t\t\t\t\t\t\t\t\t\t\t\t\t\t\n\t\t\t\t\t\t<span class=\"wpte-trip-meta wpte-trip-duration\">\n\t\t\t\t\t\t\t\t\t\t\t\t\t\t<span class=\"wpte-icon-clock\"><\/span>\n\t\t\t\t\t\t\t\t<span>\n\t\t\t\t\t\t\t\t\t\t\t\t\t\t\t\t\t\t\t\t\t\t\t\t\t\t\t<\/span>\n\t\t\t\t\t\t\t\t\t\t\t\t\t\t\t<\/span>\n\t\t\t\t\t\t\n\t\t\t\t\t\t\t\t\t<\/div>\n\t\t\t<\/div>\n\t\t\t<div class=\"wpte-trip-budget-wrap justify-content-between align-items-center\">\n\t\t\t\t\t\t\t\t\t\t\t\t<div class=\"wpte-trip-btn-wrap\">\n\t\t\t\t\t<a href=\"https:\/\/altaviatravel.com\/en\/trip\/amsterdam\/\" class=\"wpte-trip-explore-btn\">View all <\/a>\n\t\t\t\t<\/div>\n\t\t\t\t\t\t\t<\/div>\n\t\t<\/div>\n\t<\/div>\n<\/div>\n<div class=\"wpte-trip-single wpte-layout-4\">\n\t<div class=\"wpte-inner-container\">\n\t\t<div class=\"wpte-trip-image-wrap\">\n\t\t\t\t\t\t\t\t\t\t\t\t<figure class=\"thumbnail\">\n\t\t\t\t<a href=\"https:\/\/altaviatravel.com\/en\/trip\/budapest\/\">\n\t\t\t\t\t<img decoding=\"async\" width=\"600\" height=\"475\" src=\"https:\/\/altaviatravel.com\/wp-content\/uploads\/2025\/02\/12-600x475.jpg\" class=\"attachment-activities-thumb-size size-activities-thumb-size wp-post-image\" alt=\"\" \/>\t\t\t\t<\/a>\n\t\t\t<\/figure>\n\t\t\t\t\t<\/div>\n\t\t<div class=\"wpte-trip-details-wrap\">\n\t\t\t<div class=\"wpte-trip-header-wrap\">\n\t\t\t\t\t\t\t\t<div class=\"wpte-trip-title-wrap\">\n\t\t\t\t\t<h2 class=\"wpte-trip-title\">\n\t\t\t\t\t\t<a itemprop=\"url\" href=\"https:\/\/altaviatravel.com\/en\/trip\/budapest\/\">Budapest<\/a>\n\t\t\t\t\t<\/h2>\n\t\t\t\t<\/div>\n\t\t\t\t\t\t\t\t\t\t\t<\/div>\n\t\t\t<div class=\"wpte-trip_meta-container\">\n\t\t\t\t<div class=\"wpte-trip-meta-list wpte-dir-horizontal\">\n\t\t\t\t\t\t\t\t\t\t\t\t<span class=\"wpte-trip-meta wpte-trip-destination\">\n\t\t\t\t\t\t\t\t<span class=\"wpte-icon-map-marker\"><\/span>\n\t\t\t\t\t\t\t\t<span><a rel=\"tag\" target=\"_self\" href=\"https:\/\/altaviatravel.com\/en\/destinations\/city-break\/\">City break<\/a><\/span>\n\t\t\t\t\t\t\t<\/span>\n\t\t\t\t\t\t\t\t\t\t\t\t\t\t\t\t\t\t\t\t\t\t\t\t\t\t\n\t\t\t\t\t\t<span class=\"wpte-trip-meta wpte-trip-duration\">\n\t\t\t\t\t\t\t\t\t\t\t\t\t\t<span class=\"wpte-icon-clock\"><\/span>\n\t\t\t\t\t\t\t\t<span>\n\t\t\t\t\t\t\t\t\t\t\t\t\t\t\t\t\t\t\t\t\t\t\t\t\t\t\t<\/span>\n\t\t\t\t\t\t\t\t\t\t\t\t\t\t\t<\/span>\n\t\t\t\t\t\t\n\t\t\t\t\t\t\t\t\t<\/div>\n\t\t\t<\/div>\n\t\t\t<div class=\"wpte-trip-budget-wrap justify-content-between align-items-center\">\n\t\t\t\t\t\t\t\t\t\t\t\t<div class=\"wpte-trip-btn-wrap\">\n\t\t\t\t\t<a href=\"https:\/\/altaviatravel.com\/en\/trip\/budapest\/\" class=\"wpte-trip-explore-btn\">View all <\/a>\n\t\t\t\t<\/div>\n\t\t\t\t\t\t\t<\/div>\n\t\t<\/div>\n\t<\/div>\n<\/div>\n<div class=\"wpte-trip-single wpte-layout-4\">\n\t<div class=\"wpte-inner-container\">\n\t\t<div class=\"wpte-trip-image-wrap\">\n\t\t\t\t\t\t\t\t\t\t\t\t<figure class=\"thumbnail\">\n\t\t\t\t<a href=\"https:\/\/altaviatravel.com\/en\/trip\/roma\/\">\n\t\t\t\t\t<img loading=\"lazy\" decoding=\"async\" width=\"600\" height=\"667\" src=\"https:\/\/altaviatravel.com\/wp-content\/uploads\/2025\/02\/11-600x667.jpg\" class=\"attachment-activities-thumb-size size-activities-thumb-size wp-post-image\" alt=\"\" \/>\t\t\t\t<\/a>\n\t\t\t<\/figure>\n\t\t\t\t\t<\/div>\n\t\t<div class=\"wpte-trip-details-wrap\">\n\t\t\t<div class=\"wpte-trip-header-wrap\">\n\t\t\t\t\t\t\t\t<div class=\"wpte-trip-title-wrap\">\n\t\t\t\t\t<h2 class=\"wpte-trip-title\">\n\t\t\t\t\t\t<a itemprop=\"url\" href=\"https:\/\/altaviatravel.com\/en\/trip\/roma\/\">Rome<\/a>\n\t\t\t\t\t<\/h2>\n\t\t\t\t<\/div>\n\t\t\t\t\t\t\t\t\t\t\t<\/div>\n\t\t\t<div class=\"wpte-trip_meta-container\">\n\t\t\t\t<div class=\"wpte-trip-meta-list wpte-dir-horizontal\">\n\t\t\t\t\t\t\t\t\t\t\t\t<span class=\"wpte-trip-meta wpte-trip-destination\">\n\t\t\t\t\t\t\t\t<span class=\"wpte-icon-map-marker\"><\/span>\n\t\t\t\t\t\t\t\t<span><a rel=\"tag\" target=\"_self\" href=\"https:\/\/altaviatravel.com\/en\/destinations\/city-break\/\">City break<\/a><\/span>\n\t\t\t\t\t\t\t<\/span>\n\t\t\t\t\t\t\t\t\t\t\t\t\t\t\t\t\t\t\t\t\t\t\t\t\t\t\n\t\t\t\t\t\t<span class=\"wpte-trip-meta wpte-trip-duration\">\n\t\t\t\t\t\t\t\t\t\t\t\t\t\t<span class=\"wpte-icon-clock\"><\/span>\n\t\t\t\t\t\t\t\t<span>\n\t\t\t\t\t\t\t\t\t\t\t\t\t\t\t\t\t\t\t\t\t\t\t\t\t\t\t<\/span>\n\t\t\t\t\t\t\t\t\t\t\t\t\t\t\t<\/span>\n\t\t\t\t\t\t\n\t\t\t\t\t\t\t\t\t<\/div>\n\t\t\t<\/div>\n\t\t\t<div class=\"wpte-trip-budget-wrap justify-content-between align-items-center\">\n\t\t\t\t\t\t\t\t\t\t\t\t<div class=\"wpte-trip-btn-wrap\">\n\t\t\t\t\t<a href=\"https:\/\/altaviatravel.com\/en\/trip\/roma\/\" class=\"wpte-trip-explore-btn\">View all <\/a>\n\t\t\t\t<\/div>\n\t\t\t\t\t\t\t<\/div>\n\t\t<\/div>\n\t<\/div>\n<\/div>\n<div class=\"wpte-trip-single wpte-layout-4\">\n\t<div class=\"wpte-inner-container\">\n\t\t<div class=\"wpte-trip-image-wrap\">\n\t\t\t\t\t\t\t\t\t\t\t\t<figure class=\"thumbnail\">\n\t\t\t\t<a href=\"https:\/\/altaviatravel.com\/en\/trip\/milano\/\">\n\t\t\t\t\t<img loading=\"lazy\" decoding=\"async\" width=\"600\" height=\"667\" src=\"https:\/\/altaviatravel.com\/wp-content\/uploads\/2025\/02\/2945-600x667.jpg\" class=\"attachment-activities-thumb-size size-activities-thumb-size wp-post-image\" alt=\"\" \/>\t\t\t\t<\/a>\n\t\t\t<\/figure>\n\t\t\t\t\t<\/div>\n\t\t<div class=\"wpte-trip-details-wrap\">\n\t\t\t<div class=\"wpte-trip-header-wrap\">\n\t\t\t\t\t\t\t\t<div class=\"wpte-trip-title-wrap\">\n\t\t\t\t\t<h2 class=\"wpte-trip-title\">\n\t\t\t\t\t\t<a itemprop=\"url\" href=\"https:\/\/altaviatravel.com\/en\/trip\/milano\/\">Milano<\/a>\n\t\t\t\t\t<\/h2>\n\t\t\t\t<\/div>\n\t\t\t\t\t\t\t\t\t\t\t<\/div>\n\t\t\t<div class=\"wpte-trip_meta-container\">\n\t\t\t\t<div class=\"wpte-trip-meta-list wpte-dir-horizontal\">\n\t\t\t\t\t\t\t\t\t\t\t\t<span class=\"wpte-trip-meta wpte-trip-destination\">\n\t\t\t\t\t\t\t\t<span class=\"wpte-icon-map-marker\"><\/span>\n\t\t\t\t\t\t\t\t<span><a rel=\"tag\" target=\"_self\" href=\"https:\/\/altaviatravel.com\/en\/destinations\/city-break\/\">City break<\/a><\/span>\n\t\t\t\t\t\t\t<\/span>\n\t\t\t\t\t\t\t\t\t\t\t\t\t\t\t\t\t\t\t\t\t\t\t\t\t\t\n\t\t\t\t\t\t<span class=\"wpte-trip-meta wpte-trip-duration\">\n\t\t\t\t\t\t\t\t\t\t\t\t\t\t<span class=\"wpte-icon-clock\"><\/span>\n\t\t\t\t\t\t\t\t<span>\n\t\t\t\t\t\t\t\t\t\t\t\t\t\t\t\t\t\t\t\t\t\t\t\t\t\t\t<\/span>\n\t\t\t\t\t\t\t\t\t\t\t\t\t\t\t<\/span>\n\t\t\t\t\t\t\n\t\t\t\t\t\t\t\t\t<\/div>\n\t\t\t<\/div>\n\t\t\t<div class=\"wpte-trip-budget-wrap justify-content-between align-items-center\">\n\t\t\t\t\t\t\t\t\t\t\t\t<div class=\"wpte-trip-btn-wrap\">\n\t\t\t\t\t<a href=\"https:\/\/altaviatravel.com\/en\/trip\/milano\/\" class=\"wpte-trip-explore-btn\">View all <\/a>\n\t\t\t\t<\/div>\n\t\t\t\t\t\t\t<\/div>\n\t\t<\/div>\n\t<\/div>\n<\/div>\n<div class=\"wpte-trip-single wpte-layout-4\">\n\t<div class=\"wpte-inner-container\">\n\t\t<div class=\"wpte-trip-image-wrap\">\n\t\t\t\t\t\t\t\t\t\t\t\t<figure class=\"thumbnail\">\n\t\t\t\t<a href=\"https:\/\/altaviatravel.com\/en\/trip\/vienna\/\">\n\t\t\t\t\t<img loading=\"lazy\" decoding=\"async\" width=\"600\" height=\"734\" src=\"https:\/\/altaviatravel.com\/wp-content\/uploads\/2025\/02\/10-600x734.jpg\" class=\"attachment-activities-thumb-size size-activities-thumb-size wp-post-image\" alt=\"\" \/>\t\t\t\t<\/a>\n\t\t\t<\/figure>\n\t\t\t\t\t<\/div>\n\t\t<div class=\"wpte-trip-details-wrap\">\n\t\t\t<div class=\"wpte-trip-header-wrap\">\n\t\t\t\t\t\t\t\t<div class=\"wpte-trip-title-wrap\">\n\t\t\t\t\t<h2 class=\"wpte-trip-title\">\n\t\t\t\t\t\t<a itemprop=\"url\" href=\"https:\/\/altaviatravel.com\/en\/trip\/vienna\/\">Vienna<\/a>\n\t\t\t\t\t<\/h2>\n\t\t\t\t<\/div>\n\t\t\t\t\t\t\t\t\t\t\t<\/div>\n\t\t\t<div class=\"wpte-trip_meta-container\">\n\t\t\t\t<div class=\"wpte-trip-meta-list wpte-dir-horizontal\">\n\t\t\t\t\t\t\t\t\t\t\t\t<span class=\"wpte-trip-meta wpte-trip-destination\">\n\t\t\t\t\t\t\t\t<span class=\"wpte-icon-map-marker\"><\/span>\n\t\t\t\t\t\t\t\t<span><a rel=\"tag\" target=\"_self\" href=\"https:\/\/altaviatravel.com\/en\/destinations\/city-break\/\">City break<\/a><\/span>\n\t\t\t\t\t\t\t<\/span>\n\t\t\t\t\t\t\t\t\t\t\t\t\t\t\t\t\t\t\t\t\t\t\t\t\t\t\n\t\t\t\t\t\t<span class=\"wpte-trip-meta wpte-trip-duration\">\n\t\t\t\t\t\t\t\t\t\t\t\t\t\t<span class=\"wpte-icon-clock\"><\/span>\n\t\t\t\t\t\t\t\t<span>\n\t\t\t\t\t\t\t\t\t\t\t\t\t\t\t\t\t\t\t\t\t\t\t\t\t\t\t<\/span>\n\t\t\t\t\t\t\t\t\t\t\t\t\t\t\t<\/span>\n\t\t\t\t\t\t\n\t\t\t\t\t\t\t\t\t<\/div>\n\t\t\t<\/div>\n\t\t\t<div class=\"wpte-trip-budget-wrap justify-content-between align-items-center\">\n\t\t\t\t\t\t\t\t\t\t\t\t<div class=\"wpte-trip-btn-wrap\">\n\t\t\t\t\t<a href=\"https:\/\/altaviatravel.com\/en\/trip\/vienna\/\" class=\"wpte-trip-explore-btn\">View all <\/a>\n\t\t\t\t<\/div>\n\t\t\t\t\t\t\t<\/div>\n\t\t<\/div>\n\t<\/div>\n<\/div>\n<div class=\"wpte-trip-single wpte-layout-4\">\n\t<div class=\"wpte-inner-container\">\n\t\t<div class=\"wpte-trip-image-wrap\">\n\t\t\t\t\t\t\t\t\t\t\t\t<figure class=\"thumbnail\">\n\t\t\t\t<a href=\"https:\/\/altaviatravel.com\/en\/trip\/stamboll\/\">\n\t\t\t\t\t<img loading=\"lazy\" decoding=\"async\" width=\"600\" height=\"667\" src=\"https:\/\/altaviatravel.com\/wp-content\/uploads\/2025\/02\/5248-600x667.jpg\" class=\"attachment-activities-thumb-size size-activities-thumb-size wp-post-image\" alt=\"\" \/>\t\t\t\t<\/a>\n\t\t\t<\/figure>\n\t\t\t\t\t<\/div>\n\t\t<div class=\"wpte-trip-details-wrap\">\n\t\t\t<div class=\"wpte-trip-header-wrap\">\n\t\t\t\t\t\t\t\t<div class=\"wpte-trip-title-wrap\">\n\t\t\t\t\t<h2 class=\"wpte-trip-title\">\n\t\t\t\t\t\t<a itemprop=\"url\" href=\"https:\/\/altaviatravel.com\/en\/trip\/stamboll\/\">Stamboll<\/a>\n\t\t\t\t\t<\/h2>\n\t\t\t\t<\/div>\n\t\t\t\t\t\t\t\t\t\t\t<\/div>\n\t\t\t<div class=\"wpte-trip_meta-container\">\n\t\t\t\t<div class=\"wpte-trip-meta-list wpte-dir-horizontal\">\n\t\t\t\t\t\t\t\t\t\t\t\t<span class=\"wpte-trip-meta wpte-trip-destination\">\n\t\t\t\t\t\t\t\t<span class=\"wpte-icon-map-marker\"><\/span>\n\t\t\t\t\t\t\t\t<span><a rel=\"tag\" target=\"_self\" href=\"https:\/\/altaviatravel.com\/en\/destinations\/city-break\/\">City break<\/a><\/span>\n\t\t\t\t\t\t\t<\/span>\n\t\t\t\t\t\t\t\t\t\t\t\t\t\t\t\t\t\t\t\t\t\t\t\t\t\t\n\t\t\t\t\t\t<span class=\"wpte-trip-meta wpte-trip-duration\">\n\t\t\t\t\t\t\t\t\t\t\t\t\t\t<span class=\"wpte-icon-clock\"><\/span>\n\t\t\t\t\t\t\t\t<span>\n\t\t\t\t\t\t\t\t\t\t\t\t\t\t\t\t\t\t\t\t\t\t\t\t\t\t\t<\/span>\n\t\t\t\t\t\t\t\t\t\t\t\t\t\t\t<\/span>\n\t\t\t\t\t\t\n\t\t\t\t\t\t\t\t\t<\/div>\n\t\t\t<\/div>\n\t\t\t<div class=\"wpte-trip-budget-wrap justify-content-between align-items-center\">\n\t\t\t\t\t\t\t\t\t\t\t\t<div class=\"wpte-trip-btn-wrap\">\n\t\t\t\t\t<a href=\"https:\/\/altaviatravel.com\/en\/trip\/stamboll\/\" class=\"wpte-trip-explore-btn\">View all <\/a>\n\t\t\t\t<\/div>\n\t\t\t\t\t\t\t<\/div>\n\t\t<\/div>\n\t<\/div>\n<\/div>\n<div class=\"wpte-trip-single wpte-layout-4\">\n\t<div class=\"wpte-inner-container\">\n\t\t<div class=\"wpte-trip-image-wrap\">\n\t\t\t\t\t\t\t\t\t\t\t\t<figure class=\"thumbnail\">\n\t\t\t\t<a href=\"https:\/\/altaviatravel.com\/en\/trip\/dubai\/\">\n\t\t\t\t\t<img loading=\"lazy\" decoding=\"async\" width=\"600\" height=\"563\" src=\"https:\/\/altaviatravel.com\/wp-content\/uploads\/2025\/02\/84540-600x563.jpg\" class=\"attachment-activities-thumb-size size-activities-thumb-size wp-post-image\" alt=\"\" \/>\t\t\t\t<\/a>\n\t\t\t<\/figure>\n\t\t\t\t\t<\/div>\n\t\t<div class=\"wpte-trip-details-wrap\">\n\t\t\t<div class=\"wpte-trip-header-wrap\">\n\t\t\t\t\t\t\t\t<div class=\"wpte-trip-title-wrap\">\n\t\t\t\t\t<h2 class=\"wpte-trip-title\">\n\t\t\t\t\t\t<a itemprop=\"url\" href=\"https:\/\/altaviatravel.com\/en\/trip\/dubai\/\">Dubai<\/a>\n\t\t\t\t\t<\/h2>\n\t\t\t\t<\/div>\n\t\t\t\t\t\t\t\t\t\t\t<\/div>\n\t\t\t<div class=\"wpte-trip_meta-container\">\n\t\t\t\t<div class=\"wpte-trip-meta-list wpte-dir-horizontal\">\n\t\t\t\t\t\t\t\t\t\t\t\t<span class=\"wpte-trip-meta wpte-trip-destination\">\n\t\t\t\t\t\t\t\t<span class=\"wpte-icon-map-marker\"><\/span>\n\t\t\t\t\t\t\t\t<span><a rel=\"tag\" target=\"_self\" href=\"https:\/\/altaviatravel.com\/en\/destinations\/city-break\/\">City break<\/a><\/span>\n\t\t\t\t\t\t\t<\/span>\n\t\t\t\t\t\t\t\t\t\t\t\t\t\t\t\t\t\t\t\t\t\t\t\t\t\t\n\t\t\t\t\t\t<span class=\"wpte-trip-meta wpte-trip-duration\">\n\t\t\t\t\t\t\t\t\t\t\t\t\t\t<span class=\"wpte-icon-clock\"><\/span>\n\t\t\t\t\t\t\t\t<span>\n\t\t\t\t\t\t\t\t\t\t\t\t\t\t\t\t\t\t\t\t\t\t\t\t\t\t\t<\/span>\n\t\t\t\t\t\t\t\t\t\t\t\t\t\t\t<\/span>\n\t\t\t\t\t\t\n\t\t\t\t\t\t\t\t\t<\/div>\n\t\t\t<\/div>\n\t\t\t<div class=\"wpte-trip-budget-wrap justify-content-between align-items-center\">\n\t\t\t\t\t\t\t\t\t\t\t\t<div class=\"wpte-trip-btn-wrap\">\n\t\t\t\t\t<a href=\"https:\/\/altaviatravel.com\/en\/trip\/dubai\/\" class=\"wpte-trip-explore-btn\">View all <\/a>\n\t\t\t\t<\/div>\n\t\t\t\t\t\t\t<\/div>\n\t\t<\/div>\n\t<\/div>\n<\/div>\n<div class=\"wpte-trip-single wpte-layout-4\">\n\t<div class=\"wpte-inner-container\">\n\t\t<div class=\"wpte-trip-image-wrap\">\n\t\t\t\t\t\t\t\t\t\t\t\t<figure class=\"thumbnail\">\n\t\t\t\t<a href=\"https:\/\/altaviatravel.com\/en\/trip\/paris\/\">\n\t\t\t\t\t<img loading=\"lazy\" decoding=\"async\" width=\"600\" height=\"665\" src=\"https:\/\/altaviatravel.com\/wp-content\/uploads\/2025\/02\/5118-600x665.jpg\" class=\"attachment-activities-thumb-size size-activities-thumb-size wp-post-image\" alt=\"\" \/>\t\t\t\t<\/a>\n\t\t\t<\/figure>\n\t\t\t\t\t<\/div>\n\t\t<div class=\"wpte-trip-details-wrap\">\n\t\t\t<div class=\"wpte-trip-header-wrap\">\n\t\t\t\t\t\t\t\t<div class=\"wpte-trip-title-wrap\">\n\t\t\t\t\t<h2 class=\"wpte-trip-title\">\n\t\t\t\t\t\t<a itemprop=\"url\" href=\"https:\/\/altaviatravel.com\/en\/trip\/paris\/\">Paris<\/a>\n\t\t\t\t\t<\/h2>\n\t\t\t\t<\/div>\n\t\t\t\t\t\t\t\t\t\t\t<\/div>\n\t\t\t<div class=\"wpte-trip_meta-container\">\n\t\t\t\t<div class=\"wpte-trip-meta-list wpte-dir-horizontal\">\n\t\t\t\t\t\t\t\t\t\t\t\t<span class=\"wpte-trip-meta wpte-trip-destination\">\n\t\t\t\t\t\t\t\t<span class=\"wpte-icon-map-marker\"><\/span>\n\t\t\t\t\t\t\t\t<span><a rel=\"tag\" target=\"_self\" href=\"https:\/\/altaviatravel.com\/en\/destinations\/city-break\/\">City break<\/a><\/span>\n\t\t\t\t\t\t\t<\/span>\n\t\t\t\t\t\t\t\t\t\t\t\t\t\t\t\t\t\t\t\t\t\t\t\t\t\t\n\t\t\t\t\t\t<span class=\"wpte-trip-meta wpte-trip-duration\">\n\t\t\t\t\t\t\t\t\t\t\t\t\t\t<span class=\"wpte-icon-clock\"><\/span>\n\t\t\t\t\t\t\t\t<span>\n\t\t\t\t\t\t\t\t\t\t\t\t\t\t\t\t\t\t\t\t\t\t\t\t\t\t\t<\/span>\n\t\t\t\t\t\t\t\t\t\t\t\t\t\t\t<\/span>\n\t\t\t\t\t\t\n\t\t\t\t\t\t\t\t\t<\/div>\n\t\t\t<\/div>\n\t\t\t<div class=\"wpte-trip-budget-wrap justify-content-between align-items-center\">\n\t\t\t\t\t\t\t\t\t\t\t\t<div class=\"wpte-trip-btn-wrap\">\n\t\t\t\t\t<a href=\"https:\/\/altaviatravel.com\/en\/trip\/paris\/\" class=\"wpte-trip-explore-btn\">View all <\/a>\n\t\t\t\t<\/div>\n\t\t\t\t\t\t\t<\/div>\n\t\t<\/div>\n\t<\/div>\n<\/div>\n<\/div><!-- .category-{$layout} --><\/div>\t\t\t\t<\/div>\n\t\t\t\t<\/div>\n\t\t\t\t\t<\/div>\n\t\t\t\t<\/div>\n\t\t\t\t<\/div>","protected":false},"excerpt":{"rendered":"<p>Tours Destinacione t\u00eb ndryshme Barcelona City break Shiko m\u00eb shum\u00eb Amsterdam City break Shiko m\u00eb shum\u00eb Budapest City break Shiko m\u00eb shum\u00eb Roma City break Shiko m\u00eb shum\u00eb Milano City break Shiko m\u00eb shum\u00eb Vienna City break Shiko m\u00eb shum\u00eb Stamboll City break Shiko m\u00eb shum\u00eb Dubai City break Shiko m\u00eb shum\u00eb Paris City break&#8230;<\/p>","protected":false},"author":1,"featured_media":0,"parent":0,"menu_order":0,"comment_status":"closed","ping_status":"closed","template":"template-builder.php","meta":{"_monsterinsights_skip_tracking":false,"_monsterinsights_sitenote_active":false,"_monsterinsights_sitenote_note":"","_monsterinsights_sitenote_category":0,"footnotes":""},"class_list":["post-1328","page","type-page","status-publish","hentry"],"aioseo_notices":[],"_links":{"self":[{"href":"https:\/\/altaviatravel.com\/en\/wp-json\/wp\/v2\/pages\/1328","targetHints":{"allow":["GET"]}}],"collection":[{"href":"https:\/\/altaviatravel.com\/en\/wp-json\/wp\/v2\/pages"}],"about":[{"href":"https:\/\/altaviatravel.com\/en\/wp-json\/wp\/v2\/types\/page"}],"author":[{"embeddable":true,"href":"https:\/\/altaviatravel.com\/en\/wp-json\/wp\/v2\/users\/1"}],"replies":[{"embeddable":true,"href":"https:\/\/altaviatravel.com\/en\/wp-json\/wp\/v2\/comments?post=1328"}],"version-history":[{"count":34,"href":"https:\/\/altaviatravel.com\/en\/wp-json\/wp\/v2\/pages\/1328\/revisions"}],"predecessor-version":[{"id":6341,"href":"https:\/\/altaviatravel.com\/en\/wp-json\/wp\/v2\/pages\/1328\/revisions\/6341"}],"wp:attachment":[{"href":"https:\/\/altaviatravel.com\/en\/wp-json\/wp\/v2\/media?parent=1328"}],"curies":[{"name":"wp","href":"https:\/\/api.w.org\/{rel}","templated":true}]}}